{"id":74,"date":"2025-04-18T10:55:11","date_gmt":"2025-04-18T10:55:11","guid":{"rendered":"https:\/\/hbhmerter.com\/qr\/?page_id=74"},"modified":"2025-04-18T14:39:03","modified_gmt":"2025-04-18T14:39:03","slug":"connect","status":"publish","type":"page","link":"https:\/\/hbhmerter.com\/qr\/connect\/","title":{"rendered":"Connect"},"content":{"rendered":"\n<div class=\"wp-block-uagb-container uagb-block-93406590 alignfull uagb-is-root-container\">\n<div class=\"wp-block-uagb-image aligncenter uagb-block-63f730f3 wp-block-uagb-image--layout-default wp-block-uagb-image--effect-static wp-block-uagb-image--align-center\"><figure class=\"wp-block-uagb-image__figure\"><a class=\"\" href=\"https:\/\/hbhmerter.com\/qr\/\" target=\"\" rel=\"noopener\"><img decoding=\"async\" srcset=\"https:\/\/hbhmerter.com\/qr\/wp-content\/uploads\/2025\/04\/4-1.png ,https:\/\/hbhmerter.com\/qr\/wp-content\/uploads\/2025\/04\/4-1.png 780w, https:\/\/hbhmerter.com\/qr\/wp-content\/uploads\/2025\/04\/4-1.png 360w\" sizes=\"auto, (max-width: 480px) 150px\" src=\"https:\/\/hbhmerter.com\/qr\/wp-content\/uploads\/2025\/04\/4-1.png\" alt=\"\" class=\"uag-image-96\" width=\"1024\" height=\"341\" title=\"4\" loading=\"lazy\" role=\"img\"\/><\/a><\/figure><\/div>\n<\/div>\n\n\n\n<div class=\"wp-block-uagb-container uagb-block-f1064b0e alignfull uagb-is-root-container\"><div class=\"uagb-container-inner-blocks-wrap\">\n<p><strong>\u0130nternet Eri\u015fimi<\/strong><\/p>\n\n\n\n<p>\u0130nternete ba\u011flanmak i\u00e7in cihaz\u0131n\u0131z\u0131n wi-\ufb01 a\u011f listesinden \u201cHiltonhonors\u201d a\u011f\u0131n\u0131 se\u00e7iniz. Taray\u0131c\u0131n\u0131z\u0131 a\u00e7t\u0131\u011f\u0131n\u0131zda \u201clogin\u201d (giri\u015f) sayfas\u0131na y\u00f6nlendirileceksiniz. Oda numaran\u0131z\u0131 ve soyad\u0131n\u0131z\u0131 giriniz. \u201cKullan\u0131m ko\u015fullar\u0131n\u0131\u201d kabul ettikten sonra \u201cLogin\u201d tu\u015funa bast\u0131\u011f\u0131n\u0131zda internet ba\u011flant\u0131n\u0131z aktif olacakt\u0131r. Yard\u0131m i\u00e7in l\u00fctfen \u00f6n b\u00fcro ile ileti\u015fim kurunuz.<\/p>\n<\/div><\/div>\n\n\n\n<div class=\"wp-block-uagb-image uagb-block-723fea74 wp-block-uagb-image--layout-default wp-block-uagb-image--effect-static wp-block-uagb-image--align-none\"><figure class=\"wp-block-uagb-image__figure\"><img decoding=\"async\" srcset=\"https:\/\/hbhmerter.com\/qr\/wp-content\/uploads\/2025\/04\/Net_TR-499x1024.jpg ,https:\/\/hbhmerter.com\/qr\/wp-content\/uploads\/2025\/04\/Net_TR.jpg 780w, https:\/\/hbhmerter.com\/qr\/wp-content\/uploads\/2025\/04\/Net_TR.jpg 360w\" sizes=\"auto, (max-width: 480px) 150px\" src=\"https:\/\/hbhmerter.com\/qr\/wp-content\/uploads\/2025\/04\/Net_TR-499x1024.jpg\" alt=\"\" class=\"uag-image-139\" width=\"526\" height=\"1106\" title=\"Net_TR\" loading=\"lazy\" role=\"img\"\/><\/figure><\/div>\n\n\n\n<div style=\"height:10px\" aria-hidden=\"true\" class=\"wp-block-spacer\"><\/div>\n\n\n\n<div style=\"height:10px\" aria-hidden=\"true\" class=\"wp-block-spacer\"><\/div>\n\n\n\n<p><strong>Internet Access<\/strong><\/p>\n\n\n\n<p>For accessing the internet, please choose \u2018Hiltonhonors\u2019 network on your device.. Open your browser and you will be directed to the login page. Enter your room number and last name. Read and accept the \u2018Terms and Conditions\u2019. After you press the \u2018Login\u2019 button, your internet connection will be activated. Please contact with Front Desk for further assistance.<\/p>\n\n\n\n<div class=\"wp-block-uagb-image uagb-block-f38b8cf7 wp-block-uagb-image--layout-default wp-block-uagb-image--effect-static wp-block-uagb-image--align-none\"><figure class=\"wp-block-uagb-image__figure\"><img decoding=\"async\" srcset=\"https:\/\/hbhmerter.com\/qr\/wp-content\/uploads\/2025\/04\/Nte_EN-495x1024.jpg ,https:\/\/hbhmerter.com\/qr\/wp-content\/uploads\/2025\/04\/Nte_EN.jpg 780w, https:\/\/hbhmerter.com\/qr\/wp-content\/uploads\/2025\/04\/Nte_EN.jpg 360w\" sizes=\"auto, (max-width: 480px) 150px\" src=\"https:\/\/hbhmerter.com\/qr\/wp-content\/uploads\/2025\/04\/Nte_EN-495x1024.jpg\" alt=\"\" class=\"uag-image-140\" width=\"538\" height=\"1142\" title=\"Nte_EN\" loading=\"lazy\" role=\"img\"\/><\/figure><\/div>\n\n\n\n<div style=\"height:10px\" aria-hidden=\"true\" class=\"wp-block-spacer\"><\/div>\n\n\n\n<div class=\"wp-block-uagb-image uagb-block-08276150 wp-block-uagb-image--layout-default wp-block-uagb-image--effect-static wp-block-uagb-image--align-none\"><figure class=\"wp-block-uagb-image__figure\"><img decoding=\"async\" srcset=\"https:\/\/hbhmerter.com\/qr\/wp-content\/uploads\/2025\/04\/Net_OK-497x1024.jpg ,https:\/\/hbhmerter.com\/qr\/wp-content\/uploads\/2025\/04\/Net_OK.jpg 780w, https:\/\/hbhmerter.com\/qr\/wp-content\/uploads\/2025\/04\/Net_OK.jpg 360w\" sizes=\"auto, (max-width: 480px) 150px\" src=\"https:\/\/hbhmerter.com\/qr\/wp-content\/uploads\/2025\/04\/Net_OK-497x1024.jpg\" alt=\"\" class=\"uag-image-138\" width=\"483\" height=\"1024\" title=\"Net_OK\" loading=\"lazy\" role=\"img\"\/><\/figure><\/div>\n","protected":false},"excerpt":{"rendered":"<p>\u0130nternet Eri\u015fimi \u0130nternete ba\u011flanmak i\u00e7in cihaz\u0131n\u0131z\u0131n wi-\ufb01 a\u011f listesinden \u201cHiltonhonors\u201d a\u011f\u0131n\u0131 se\u00e7iniz. Taray\u0131c\u0131n\u0131z\u0131 a\u00e7t\u0131\u011f\u0131n\u0131zda \u201clogin\u201d (giri\u015f) sayfas\u0131na y\u00f6nlendirileceksiniz. Oda numaran\u0131z\u0131 [&hellip;]<\/p>\n","protected":false},"author":1,"featured_media":0,"parent":0,"menu_order":0,"comment_status":"closed","ping_status":"closed","template":"","meta":{"_uag_custom_page_level_css":"","site-sidebar-layout":"default","site-content-layout":"","ast-site-content-layout":"","site-content-style":"default","site-sidebar-style":"default","ast-global-header-display":"","ast-banner-title-visibility":"","ast-main-header-display":"","ast-hfb-above-header-display":"","ast-hfb-below-header-display":"","ast-hfb-mobile-header-display":"","site-post-title":"disabled","ast-breadcrumbs-content":"","ast-featured-img":"","footer-sml-layout":"","theme-transparent-header-meta":"","adv-header-id-meta":"","stick-header-meta":"","header-above-stick-meta":"","header-main-stick-meta":"","header-below-stick-meta":"","astra-migrate-meta-layouts":"default","ast-page-background-enabled":"default","ast-page-background-meta":{"desktop":{"background-color":"var(--ast-global-color-5)","background-image":"","background-repeat":"repeat","background-position":"center center","background-size":"auto","background-attachment":"scroll","background-type":"","background-media":"","overlay-type":"","overlay-color":"","overlay-opacity":"","overlay-gradient":""},"tablet":{"background-color":"","background-image":"","background-repeat":"repeat","background-position":"center center","background-size":"auto","background-attachment":"scroll","background-type":"","background-media":"","overlay-type":"","overlay-color":"","overlay-opacity":"","overlay-gradient":""},"mobile":{"background-color":"","background-image":"","background-repeat":"repeat","background-position":"center center","background-size":"auto","background-attachment":"scroll","background-type":"","background-media":"","overlay-type":"","overlay-color":"","overlay-opacity":"","overlay-gradient":""}},"ast-content-background-meta":{"desktop":{"background-color":"var(--ast-global-color-4)","background-image":"","background-repeat":"repeat","background-position":"center center","background-size":"auto","background-attachment":"scroll","background-type":"","background-media":"","overlay-type":"","overlay-color":"","overlay-opacity":"","overlay-gradient":""},"tablet":{"background-color":"var(--ast-global-color-4)","background-image":"","background-repeat":"repeat","background-position":"center center","background-size":"auto","background-attachment":"scroll","background-type":"","background-media":"","overlay-type":"","overlay-color":"","overlay-opacity":"","overlay-gradient":""},"mobile":{"background-color":"var(--ast-global-color-4)","background-image":"","background-repeat":"repeat","background-position":"center center","background-size":"auto","background-attachment":"scroll","background-type":"","background-media":"","overlay-type":"","overlay-color":"","overlay-opacity":"","overlay-gradient":""}},"footnotes":""},"class_list":["post-74","page","type-page","status-publish","hentry"],"uagb_featured_image_src":{"full":false,"thumbnail":false,"medium":false,"medium_large":false,"large":false,"1536x1536":false,"2048x2048":false},"uagb_author_info":{"display_name":"admin","author_link":"https:\/\/hbhmerter.com\/qr\/author\/admin\/"},"uagb_comment_info":0,"uagb_excerpt":"\u0130nternet Eri\u015fimi \u0130nternete ba\u011flanmak i\u00e7in cihaz\u0131n\u0131z\u0131n wi-\ufb01 a\u011f listesinden \u201cHiltonhonors\u201d a\u011f\u0131n\u0131 se\u00e7iniz. Taray\u0131c\u0131n\u0131z\u0131 a\u00e7t\u0131\u011f\u0131n\u0131zda \u201clogin\u201d (giri\u015f) sayfas\u0131na y\u00f6nlendirileceksiniz. Oda numaran\u0131z\u0131 [&hellip;]","_links":{"self":[{"href":"https:\/\/hbhmerter.com\/qr\/wp-json\/wp\/v2\/pages\/74","targetHints":{"allow":["GET"]}}],"collection":[{"href":"https:\/\/hbhmerter.com\/qr\/wp-json\/wp\/v2\/pages"}],"about":[{"href":"https:\/\/hbhmerter.com\/qr\/wp-json\/wp\/v2\/types\/page"}],"author":[{"embeddable":true,"href":"https:\/\/hbhmerter.com\/qr\/wp-json\/wp\/v2\/users\/1"}],"replies":[{"embeddable":true,"href":"https:\/\/hbhmerter.com\/qr\/wp-json\/wp\/v2\/comments?post=74"}],"version-history":[{"count":10,"href":"https:\/\/hbhmerter.com\/qr\/wp-json\/wp\/v2\/pages\/74\/revisions"}],"predecessor-version":[{"id":142,"href":"https:\/\/hbhmerter.com\/qr\/wp-json\/wp\/v2\/pages\/74\/revisions\/142"}],"wp:attachment":[{"href":"https:\/\/hbhmerter.com\/qr\/wp-json\/wp\/v2\/media?parent=74"}],"curies":[{"name":"wp","href":"https:\/\/api.w.org\/{rel}","templated":true}]}}